{"id":63,"date":"2018-02-15T18:12:43","date_gmt":"2018-02-15T17:12:43","guid":{"rendered":"http:\/\/m-b-b-gmbh.com\/about-us\/"},"modified":"2025-04-30T13:24:36","modified_gmt":"2025-04-30T11:24:36","slug":"about-us","status":"publish","type":"page","link":"https:\/\/m-b-b-gmbh.com\/en\/about-us\/","title":{"rendered":"About Us"},"content":{"rendered":"<p><div class=\"fusion-fullwidth fullwidth-box fusion-builder-row-1 fusion-parallax-none hundred-percent-fullwidth non-hundred-percent-height-scrolling lazyload\" style=\"--awb-border-radius-top-left:0px;--awb-border-radius-top-right:0px;--awb-border-radius-bottom-right:0px;--awb-border-radius-bottom-left:0px;--awb-padding-top:250px;--awb-padding-bottom:150px;--awb-background-size:cover;--awb-flex-wrap:wrap;\" data-bg=\"https:\/\/m-b-b-gmbh.com\/wp-content\/uploads\/2020\/03\/MBB-office-2017-jul1-2.jpg\" ><div class=\"fusion-builder-row fusion-row\"><div class=\"fusion-layout-column fusion_builder_column fusion-builder-column-0 fusion_builder_column_1_1 1_1 fusion-one-full fusion-column-first fusion-column-last\" style=\"--awb-bg-size:cover;\"><div class=\"fusion-column-wrapper fusion-column-has-shadow fusion-flex-column-wrapper-legacy\"><div class=\"fusion-sep-clear\"><\/div><div class=\"fusion-separator fusion-full-width-sep\" style=\"margin-left: auto;margin-right: auto;margin-top:150px;width:100%;\"><\/div><div class=\"fusion-sep-clear\"><\/div><div class=\"fusion-clearfix\"><\/div><\/div><\/div><\/div><\/div><div class=\"fusion-fullwidth fullwidth-box fusion-builder-row-2 nonhundred-percent-fullwidth non-hundred-percent-height-scrolling\" style=\"--awb-border-radius-top-left:0px;--awb-border-radius-top-right:0px;--awb-border-radius-bottom-right:0px;--awb-border-radius-bottom-left:0px;--awb-flex-wrap:wrap;\" ><div class=\"fusion-builder-row fusion-row\"><div class=\"fusion-layout-column fusion_builder_column fusion-builder-column-1 fusion_builder_column_1_3 1_3 fusion-one-third fusion-column-first\" style=\"--awb-padding-top:20px;--awb-bg-size:cover;--awb-margin-top:20px;width:33.333333333333%;width:calc(33.333333333333% - ( ( 4% ) * 0.33333333333333 ) );margin-right: 4%;\"><div class=\"fusion-column-wrapper fusion-column-has-shadow fusion-flex-column-wrapper-legacy\"><div class=\"fusion-column-content-centered\"><div class=\"fusion-column-content\"><div class=\"fusion-image-element fusion-image-align-center in-legacy-container\" style=\"text-align:center;--awb-caption-title-font-family:var(--h2_typography-font-family);--awb-caption-title-font-weight:var(--h2_typography-font-weight);--awb-caption-title-font-style:var(--h2_typography-font-style);--awb-caption-title-size:var(--h2_typography-font-size);--awb-caption-title-transform:var(--h2_typography-text-transform);--awb-caption-title-line-height:var(--h2_typography-line-height);--awb-caption-title-letter-spacing:var(--h2_typography-letter-spacing);\"><div class=\"imageframe-align-center\"><span class=\" fusion-imageframe imageframe-none imageframe-1 hover-type-none\"><img decoding=\"async\" width=\"1200\" height=\"1200\" alt=\"Christian K\u00f6hler\" title=\"Christian Koehler\" src=\"https:\/\/m-b-b-gmbh.com\/wp-content\/uploads\/2025\/04\/Christian-Koehler.png\" data-orig-src=\"https:\/\/m-b-b-gmbh.com\/wp-content\/uploads\/2025\/04\/Christian-Koehler.png\" class=\"lazyload img-responsive wp-image-2636\" srcset=\"data:image\/svg+xml,%3Csvg%20xmlns%3D%27http%3A%2F%2Fwww.w3.org%2F2000%2Fsvg%27%20width%3D%271200%27%20height%3D%271200%27%20viewBox%3D%270%200%201200%201200%27%3E%3Crect%20width%3D%271200%27%20height%3D%271200%27%20fill-opacity%3D%220%22%2F%3E%3C%2Fsvg%3E\" data-srcset=\"https:\/\/m-b-b-gmbh.com\/wp-content\/uploads\/2025\/04\/Christian-Koehler-200x200.png 200w, https:\/\/m-b-b-gmbh.com\/wp-content\/uploads\/2025\/04\/Christian-Koehler-400x400.png 400w, https:\/\/m-b-b-gmbh.com\/wp-content\/uploads\/2025\/04\/Christian-Koehler-600x600.png 600w, https:\/\/m-b-b-gmbh.com\/wp-content\/uploads\/2025\/04\/Christian-Koehler-800x800.png 800w, https:\/\/m-b-b-gmbh.com\/wp-content\/uploads\/2025\/04\/Christian-Koehler.png 1200w\" data-sizes=\"auto\" data-orig-sizes=\"(max-width: 800px) 100vw, 400px\" \/><\/span><\/div><\/div><div class=\"fusion-text fusion-text-1\"><h3 style=\"text-align: center;\">Christian K\u00f6hler<\/h3>\n<\/p>\n<h4 style=\"text-align: center;\">Owner | General Manager<\/h4>\n<\/div><\/div><\/div><div class=\"fusion-clearfix\"><\/div><\/div><\/div><div class=\"fusion-layout-column fusion_builder_column fusion-builder-column-2 fusion_builder_column_2_3 2_3 fusion-two-third fusion-column-last\" style=\"--awb-bg-size:cover;width:66.666666666667%;width:calc(66.666666666667% - ( ( 4% ) * 0.66666666666667 ) );\"><div class=\"fusion-column-wrapper fusion-flex-column-wrapper-legacy\"><div class=\"fusion-text fusion-text-2\"><section class=\"row wrapper\">\n<section class=\"large-12 columns content-wrapper\">\n<h1>MBB &#8211; The company<\/h1>\n<p>Founded in 1996, MBB is your <strong>established commercial agent<\/strong> for <strong>raw materials<\/strong> and <strong>premixes<\/strong> in the <strong>pet food, food and feed industries<\/strong>.<\/p>\n<p>You will benefit from our long-lasting connections to rel<strong>iable and professional manufacturers<\/strong>, <strong>especially from Asia<\/strong> &#8211; please get a detailed overview of our broad portfolio on our product page.<\/p>\n<p>You have come to the right place if <strong>you are looking for<\/strong> <strong>long-term partnerships<\/strong>.<\/p>\n<p>If you are a <strong>manufacturer or dealer<\/strong> of <strong>raw materials<\/strong> or <strong>finished products<\/strong> and are <strong>looking for<\/strong> a <strong>strong distribution<\/strong> partner with an <strong>outstanding network<\/strong>, please do not hesitate to contact us.<\/p>\n<p>In addition, MBB has a <strong>worldwide network of experts<\/strong> in the fields of <strong>product development, marketing and raw materials<\/strong>. The founder of MBB, Heinz Gert Blechschmidt, was one of the pioneers in the establishment of canned pet food in Germany. From the beginning of the 70s until the middle of the 90s he worked in various positions, most recently in international purchasing for the MARS Group.<\/p>\n<p>As the <strong>current owner and managing director<\/strong>, I, Christian K\u00f6hler, have been closely associated with MBB since 1998.<br \/>\nThrough this long-standing relationship with MBB and further employment with one of the leading German private label providers in the pet food sector, I have acquired extensive knowledge of the industry and products and established my own worldwide network.<\/p>\n<p>In the interest of our partners, we at MBB always strive to keep our network up to date and to expand it with <strong>long-term, valuable partnerships<\/strong>.<\/p>\n<p><strong>Benefit from our offer<\/strong> and <a href=\"mailto:post@m-b-b-gmbh.de\"><strong>contact us today<\/strong><\/a> to discuss the possibilities of a cooperation.<\/p>\n<h3>We are looking forward to talking to you and to welcoming you into our network!<\/h3>\n<\/section>\n<\/section>\n<\/div><div class=\"fusion-clearfix\"><\/div><\/div><\/div><\/div><\/div><div class=\"fusion-fullwidth fullwidth-box fusion-builder-row-3 nonhundred-percent-fullwidth non-hundred-percent-height-scrolling\" style=\"--awb-border-radius-top-left:0px;--awb-border-radius-top-right:0px;--awb-border-radius-bottom-right:0px;--awb-border-radius-bottom-left:0px;--awb-flex-wrap:wrap;\" ><div class=\"fusion-builder-row fusion-row\"><div class=\"fusion-layout-column fusion_builder_column fusion-builder-column-3 fusion_builder_column_1_1 1_1 fusion-one-full fusion-column-first fusion-column-last\" style=\"--awb-bg-size:cover;\"><div class=\"fusion-column-wrapper fusion-column-has-shadow fusion-flex-column-wrapper-legacy\"><div class=\"fusion-content-boxes content-boxes columns row fusion-columns-1 fusion-columns-total-3 fusion-content-boxes-1 content-boxes-timeline-vertical content-left content-boxes-timeline-layout content-boxes-icon-with-title fusion-delayed-animation\" style=\"--awb-hover-accent-color:rgba(0,129,198,0.83);--awb-circle-hover-accent-color:rgba(0,129,198,0.83);--awb-item-margin-bottom:40px;\" data-animation-delay=\"350\" data-animationOffset=\"top-into-view\"><div style=\"--awb-backgroundcolor:rgba(255,255,255,0);--awb-content-padding-left:64px;\" class=\"fusion-column content-box-column content-box-column content-box-column-1 col-lg-12 col-md-12 col-sm-12 fusion-content-box-hover content-box-column-last-in-row\"><div class=\"col content-box-wrapper content-wrapper link-area-link-icon icon-hover-animation-fade fusion-animated\" data-animationType=\"fadeIn\" data-animationDuration=\"0.25\" data-animationOffset=\"top-into-view\"><div class=\"heading heading-with-icon icon-left\" style=\"margin-top:13px;\"><div class=\"icon\" style=\"margin-top:-13px;margin-bottom:-13px;-webkit-animation-duration: 350ms;animation-duration: 350ms;\"><i style=\"border-color:#ffffff;border-width:1px;background-color:#0081c6;box-sizing:content-box;height:42px;width:42px;line-height:42px;border-radius:50%;font-size:21px;\" aria-hidden=\"true\" class=\"fontawesome-icon fa-plus fas circle-yes\"><\/i><\/div><h2 class=\"content-box-heading\" style=\"--h2_typography-font-size:18px;line-height:23px;\">1996 MBB Firmengr\u00fcndung durch Gert Blechschmidt<\/h2><\/div><div class=\"fusion-clearfix\"><\/div><div class=\"content-container\">\n<p>Im Jahr 1996 gegr\u00fcndet ist MBB Ihr\u00a0<strong>etablierter Handelsvertreter<\/strong>\u00a0f\u00fcr\u00a0<strong>Rohstoffe und Vormischungen<\/strong>\u00a0im Bereich\u00a0<strong>Petfood, Lebensmittel und Futtermittel<\/strong>.<\/p>\n<\/div><div class=\"content-box-shortcode-timeline-vertical\" style=\"border-color:#ffffff;left:36px;top:21px;-webkit-transition-duration: 350ms;animation-duration: 350ms;\"><\/div><\/div><\/div><div style=\"--awb-backgroundcolor:rgba(255,255,255,0);--awb-content-padding-left:64px;\" class=\"fusion-column content-box-column content-box-column content-box-column-2 col-lg-12 col-md-12 col-sm-12 fusion-content-box-hover content-box-column-last-in-row\"><div class=\"col content-box-wrapper content-wrapper link-area-link-icon icon-hover-animation-fade fusion-animated\" data-animationType=\"fadeIn\" data-animationDuration=\"0.25\" data-animationOffset=\"top-into-view\"><div class=\"heading heading-with-icon icon-left\" style=\"margin-top:13px;\"><div class=\"icon\" style=\"margin-top:-13px;margin-bottom:-13px;-webkit-animation-duration: 350ms;animation-duration: 350ms;\"><i style=\"border-color:#ffffff;border-width:1px;background-color:#0081c6;box-sizing:content-box;height:42px;width:42px;line-height:42px;border-radius:50%;font-size:21px;\" aria-hidden=\"true\" class=\"fontawesome-icon fa-dog fas circle-yes\"><\/i><\/div><h2 class=\"content-box-heading\" style=\"--h2_typography-font-size:18px;line-height:23px;\">Ab 1970er Etablierung Tiernahrung in Dosen in Deutschland<\/h2><\/div><div class=\"fusion-clearfix\"><\/div><div class=\"content-container\">\n<p>Der MBB Firmengr\u00fcnder, Gert Blechschmidt, war einer der Pioniere bei der Etablierung von Tiernahrung in Dosen in Deutschland. Vom Beginn der 70er Jahre bis Mitte der 90er Jahre arbeitete er dort in verschiedenen Positionen zuletzt auf einer der h\u00f6chsten Ebenen im internationalen Einkauf f\u00fcr die MARS Gruppe. Der Aufbau internationaler Gesch\u00e4ftsbeziehungen die nachhaltig und langfristig sind, waren schon damals Kern seiner T\u00e4tigkeit.<\/p>\n<\/div><div class=\"content-box-shortcode-timeline-vertical\" style=\"border-color:#ffffff;left:36px;top:21px;-webkit-transition-duration: 350ms;animation-duration: 350ms;\"><\/div><\/div><\/div><div style=\"--awb-backgroundcolor:rgba(255,255,255,0);--awb-content-padding-left:64px;\" class=\"fusion-column content-box-column content-box-column content-box-column-3 col-lg-12 col-md-12 col-sm-12 fusion-content-box-hover content-box-column-last content-box-column-last-in-row\"><div class=\"col content-box-wrapper content-wrapper link-area-link-icon icon-hover-animation-fade fusion-animated\" data-animationType=\"fadeIn\" data-animationDuration=\"0.25\" data-animationOffset=\"top-into-view\"><div class=\"heading heading-with-icon icon-left\" style=\"margin-top:13px;\"><div class=\"icon\" style=\"margin-top:-13px;margin-bottom:-13px;-webkit-animation-duration: 350ms;animation-duration: 350ms;\"><i style=\"border-color:#ffffff;border-width:1px;background-color:#0081c6;box-sizing:content-box;height:42px;width:42px;line-height:42px;border-radius:50%;font-size:21px;\" aria-hidden=\"true\" class=\"fontawesome-icon fa-user-plus fas circle-yes\"><\/i><\/div><h2 class=\"content-box-heading\" style=\"--h2_typography-font-size:18px;line-height:23px;\">Einstieg von Christian K\u00f6hler, dem sp\u00e4teren Inhaber<\/h2><\/div><div class=\"fusion-clearfix\"><\/div><div class=\"content-container\">\n<p>1998 erfolgt der Einstieg von Christian K\u00f6hler in die Gesch\u00e4ftst\u00e4tigkeit. Als heutiger Inhaber und Gesch\u00e4ftsf\u00fchrer ist er seit 1998 eng mit MBB verbunden.<\/p>\n<\/div><div class=\"content-box-shortcode-timeline-vertical\" style=\"border-color:#ffffff;left:36px;top:21px;-webkit-transition-duration: 350ms;animation-duration: 350ms;\"><\/div><\/div><\/div><div class=\"fusion-clearfix\"><\/div><\/div><div class=\"fusion-clearfix\"><\/div><\/div><\/div><\/div><\/div><\/p>\n","protected":false},"excerpt":{"rendered":"","protected":false},"author":1,"featured_media":0,"parent":0,"menu_order":0,"comment_status":"closed","ping_status":"closed","template":"100-width.php","meta":{"footnotes":""},"class_list":["post-63","page","type-page","status-publish","hentry"],"yoast_head":"<!-- This site is optimized with the Yoast SEO plugin v27.4 - https:\/\/yoast.com\/product\/yoast-seo-wordpress\/ -->\n<title>About Us - MBB GmbH<\/title>\n<meta name=\"robots\" content=\"index, follow, max-snippet:-1, max-image-preview:large, max-video-preview:-1\" \/>\n<link rel=\"canonical\" href=\"https:\/\/m-b-b-gmbh.com\/ueber-uns\/\" \/>\n<meta property=\"og:locale\" content=\"en_US\" \/>\n<meta property=\"og:type\" content=\"article\" \/>\n<meta property=\"og:title\" content=\"About Us - MBB GmbH\" \/>\n<meta property=\"og:url\" content=\"https:\/\/m-b-b-gmbh.com\/ueber-uns\/\" \/>\n<meta property=\"og:site_name\" content=\"MBB GmbH\" \/>\n<meta property=\"article:modified_time\" content=\"2025-04-30T11:24:36+00:00\" \/>\n<meta name=\"twitter:card\" content=\"summary_large_image\" \/>\n<meta name=\"twitter:label1\" content=\"Est. reading time\" \/>\n\t<meta name=\"twitter:data1\" content=\"10 minutes\" \/>\n<script type=\"application\/ld+json\" class=\"yoast-schema-graph\">{\"@context\":\"https:\\\/\\\/schema.org\",\"@graph\":[{\"@type\":\"WebPage\",\"@id\":\"https:\\\/\\\/m-b-b-gmbh.com\\\/ueber-uns\\\/\",\"url\":\"https:\\\/\\\/m-b-b-gmbh.com\\\/ueber-uns\\\/\",\"name\":\"About Us - MBB GmbH\",\"isPartOf\":{\"@id\":\"https:\\\/\\\/m-b-b-gmbh.com\\\/en\\\/#website\"},\"datePublished\":\"2018-02-15T17:12:43+00:00\",\"dateModified\":\"2025-04-30T11:24:36+00:00\",\"breadcrumb\":{\"@id\":\"https:\\\/\\\/m-b-b-gmbh.com\\\/ueber-uns\\\/#breadcrumb\"},\"inLanguage\":\"en-US\",\"potentialAction\":[{\"@type\":\"ReadAction\",\"target\":[\"https:\\\/\\\/m-b-b-gmbh.com\\\/ueber-uns\\\/\"]}]},{\"@type\":\"BreadcrumbList\",\"@id\":\"https:\\\/\\\/m-b-b-gmbh.com\\\/ueber-uns\\\/#breadcrumb\",\"itemListElement\":[{\"@type\":\"ListItem\",\"position\":1,\"name\":\"Startseite\",\"item\":\"https:\\\/\\\/m-b-b-gmbh.com\\\/en\\\/\"},{\"@type\":\"ListItem\",\"position\":2,\"name\":\"About Us\"}]},{\"@type\":\"WebSite\",\"@id\":\"https:\\\/\\\/m-b-b-gmbh.com\\\/en\\\/#website\",\"url\":\"https:\\\/\\\/m-b-b-gmbh.com\\\/en\\\/\",\"name\":\"MBB GmbH\",\"description\":\"\",\"potentialAction\":[{\"@type\":\"SearchAction\",\"target\":{\"@type\":\"EntryPoint\",\"urlTemplate\":\"https:\\\/\\\/m-b-b-gmbh.com\\\/en\\\/?s={search_term_string}\"},\"query-input\":{\"@type\":\"PropertyValueSpecification\",\"valueRequired\":true,\"valueName\":\"search_term_string\"}}],\"inLanguage\":\"en-US\"}]}<\/script>\n<!-- \/ Yoast SEO plugin. -->","yoast_head_json":{"title":"About Us - MBB GmbH","robots":{"index":"index","follow":"follow","max-snippet":"max-snippet:-1","max-image-preview":"max-image-preview:large","max-video-preview":"max-video-preview:-1"},"canonical":"https:\/\/m-b-b-gmbh.com\/ueber-uns\/","og_locale":"en_US","og_type":"article","og_title":"About Us - MBB GmbH","og_url":"https:\/\/m-b-b-gmbh.com\/ueber-uns\/","og_site_name":"MBB GmbH","article_modified_time":"2025-04-30T11:24:36+00:00","twitter_card":"summary_large_image","twitter_misc":{"Est. reading time":"10 minutes"},"schema":{"@context":"https:\/\/schema.org","@graph":[{"@type":"WebPage","@id":"https:\/\/m-b-b-gmbh.com\/ueber-uns\/","url":"https:\/\/m-b-b-gmbh.com\/ueber-uns\/","name":"About Us - MBB GmbH","isPartOf":{"@id":"https:\/\/m-b-b-gmbh.com\/en\/#website"},"datePublished":"2018-02-15T17:12:43+00:00","dateModified":"2025-04-30T11:24:36+00:00","breadcrumb":{"@id":"https:\/\/m-b-b-gmbh.com\/ueber-uns\/#breadcrumb"},"inLanguage":"en-US","potentialAction":[{"@type":"ReadAction","target":["https:\/\/m-b-b-gmbh.com\/ueber-uns\/"]}]},{"@type":"BreadcrumbList","@id":"https:\/\/m-b-b-gmbh.com\/ueber-uns\/#breadcrumb","itemListElement":[{"@type":"ListItem","position":1,"name":"Startseite","item":"https:\/\/m-b-b-gmbh.com\/en\/"},{"@type":"ListItem","position":2,"name":"About Us"}]},{"@type":"WebSite","@id":"https:\/\/m-b-b-gmbh.com\/en\/#website","url":"https:\/\/m-b-b-gmbh.com\/en\/","name":"MBB GmbH","description":"","potentialAction":[{"@type":"SearchAction","target":{"@type":"EntryPoint","urlTemplate":"https:\/\/m-b-b-gmbh.com\/en\/?s={search_term_string}"},"query-input":{"@type":"PropertyValueSpecification","valueRequired":true,"valueName":"search_term_string"}}],"inLanguage":"en-US"}]}},"_links":{"self":[{"href":"https:\/\/m-b-b-gmbh.com\/en\/wp-json\/wp\/v2\/pages\/63","targetHints":{"allow":["GET"]}}],"collection":[{"href":"https:\/\/m-b-b-gmbh.com\/en\/wp-json\/wp\/v2\/pages"}],"about":[{"href":"https:\/\/m-b-b-gmbh.com\/en\/wp-json\/wp\/v2\/types\/page"}],"author":[{"embeddable":true,"href":"https:\/\/m-b-b-gmbh.com\/en\/wp-json\/wp\/v2\/users\/1"}],"replies":[{"embeddable":true,"href":"https:\/\/m-b-b-gmbh.com\/en\/wp-json\/wp\/v2\/comments?post=63"}],"version-history":[{"count":13,"href":"https:\/\/m-b-b-gmbh.com\/en\/wp-json\/wp\/v2\/pages\/63\/revisions"}],"predecessor-version":[{"id":2641,"href":"https:\/\/m-b-b-gmbh.com\/en\/wp-json\/wp\/v2\/pages\/63\/revisions\/2641"}],"wp:attachment":[{"href":"https:\/\/m-b-b-gmbh.com\/en\/wp-json\/wp\/v2\/media?parent=63"}],"curies":[{"name":"wp","href":"https:\/\/api.w.org\/{rel}","templated":true}]}}